{"id":1190,"date":"2018-05-27T20:54:25","date_gmt":"2018-05-27T18:54:25","guid":{"rendered":"https:\/\/www.davidinclan.com\/?page_id=1190"},"modified":"2025-11-30T13:19:28","modified_gmt":"2025-11-30T12:19:28","slug":"statement","status":"publish","type":"page","link":"https:\/\/www.davidinclan.com\/index.php\/statement\/","title":{"rendered":"Statement"},"content":{"rendered":"<p style=\"text-align: justify;\">El paso del tiempo siempre ha estado arraigado en mi persona. Supongo que mucho tendr\u00e1 que ver el hecho de haber tenido unos padres de edad avanzada, con lo que conceptos como la fugacidad han dejado un poso en mi imaginario de forma natural. Tambi\u00e9n por ello, no es de extra\u00f1ar, que siempre haya sentido atracci\u00f3n por el mundo tradicional japon\u00e9s y, m\u00e1s concretamente, por el Wabi Sabi, est\u00e9tica que nace de la filosof\u00eda Zen, cuya idea de la impermanencia es eje central en todo su planteamiento.<\/p>\n<p><img loading=\"lazy\" decoding=\"async\" class=\"alignright size-full wp-image-1358\" src=\"https:\/\/www.davidinclan.com\/wp-content\/uploads\/2019\/03\/Diapositiva-web-1.jpg\" alt=\"\" width=\"1024\" height=\"860\" srcset=\"https:\/\/www.davidinclan.com\/wp-content\/uploads\/2019\/03\/Diapositiva-web-1.jpg 1024w, https:\/\/www.davidinclan.com\/wp-content\/uploads\/2019\/03\/Diapositiva-web-1-300x252.jpg 300w, https:\/\/www.davidinclan.com\/wp-content\/uploads\/2019\/03\/Diapositiva-web-1-768x645.jpg 768w\" sizes=\"auto, (max-width: 1024px) 100vw, 1024px\" \/><\/p>\n","protected":false},"excerpt":{"rendered":"<p>El paso del tiempo siempre ha estado arraigado en mi persona. Supongo que mucho tendr\u00e1 que ver el hecho de haber tenido unos padres de edad avanzada, con lo que conceptos como la fugacidad han dejado un poso en mi imaginario de forma natural. Tambi\u00e9n por ello, no es de extra\u00f1ar, que siempre haya sentido [&hellip;]<\/p>\n","protected":false},"author":1,"featured_media":0,"parent":0,"menu_order":0,"comment_status":"closed","ping_status":"closed","template":"","meta":{"footnotes":""},"class_list":["post-1190","page","type-page","status-publish","hentry"],"_links":{"self":[{"href":"https:\/\/www.davidinclan.com\/index.php\/wp-json\/wp\/v2\/pages\/1190","targetHints":{"allow":["GET"]}}],"collection":[{"href":"https:\/\/www.davidinclan.com\/index.php\/wp-json\/wp\/v2\/pages"}],"about":[{"href":"https:\/\/www.davidinclan.com\/index.php\/wp-json\/wp\/v2\/types\/page"}],"author":[{"embeddable":true,"href":"https:\/\/www.davidinclan.com\/index.php\/wp-json\/wp\/v2\/users\/1"}],"replies":[{"embeddable":true,"href":"https:\/\/www.davidinclan.com\/index.php\/wp-json\/wp\/v2\/comments?post=1190"}],"version-history":[{"count":8,"href":"https:\/\/www.davidinclan.com\/index.php\/wp-json\/wp\/v2\/pages\/1190\/revisions"}],"predecessor-version":[{"id":2529,"href":"https:\/\/www.davidinclan.com\/index.php\/wp-json\/wp\/v2\/pages\/1190\/revisions\/2529"}],"wp:attachment":[{"href":"https:\/\/www.davidinclan.com\/index.php\/wp-json\/wp\/v2\/media?parent=1190"}],"curies":[{"name":"wp","href":"https:\/\/api.w.org\/{rel}","templated":true}]}}