{"id":1511,"date":"2019-11-20T22:21:59","date_gmt":"2019-11-20T21:21:59","guid":{"rendered":"https:\/\/www.davidinclan.com\/?page_id=1511"},"modified":"2023-04-08T14:02:03","modified_gmt":"2023-04-08T12:02:03","slug":"cartografia-de-lo-extrano-2019","status":"publish","type":"page","link":"https:\/\/www.davidinclan.com\/index.php\/cartografia-de-lo-extrano-2019\/","title":{"rendered":"Cartograf\u00eda de lo extra\u00f1o 2019"},"content":{"rendered":"<p style=\"text-align: justify;\"><i>Me enfrento a m\u00ed mismo como a un extra\u00f1o.&nbsp;<\/i><\/p>\n<p style=\"text-align: justify;\"><i>Me miro desde fuera para poder ver lo que hay dentro.&nbsp;<\/i><\/p>\n<p style=\"text-align: justify;\"><i>Trazo mapas que me gu\u00eden a lo largo de territorios sin due\u00f1o.<\/i><\/p>\n<p style=\"text-align: justify;\"><i>Y, mientras tanto, me sigo buscando.<\/i><\/p>\n","protected":false},"excerpt":{"rendered":"<p>Me enfrento a m\u00ed mismo como a un extra\u00f1o.&nbsp; Me miro desde fuera para poder ver lo que hay dentro.&nbsp; Trazo mapas que me gu\u00eden a lo largo de territorios sin due\u00f1o. Y, mientras tanto, me sigo buscando.<\/p>\n","protected":false},"author":1,"featured_media":0,"parent":0,"menu_order":0,"comment_status":"closed","ping_status":"closed","template":"","meta":{"footnotes":""},"class_list":["post-1511","page","type-page","status-publish","hentry"],"_links":{"self":[{"href":"https:\/\/www.davidinclan.com\/index.php\/wp-json\/wp\/v2\/pages\/1511","targetHints":{"allow":["GET"]}}],"collection":[{"href":"https:\/\/www.davidinclan.com\/index.php\/wp-json\/wp\/v2\/pages"}],"about":[{"href":"https:\/\/www.davidinclan.com\/index.php\/wp-json\/wp\/v2\/types\/page"}],"author":[{"embeddable":true,"href":"https:\/\/www.davidinclan.com\/index.php\/wp-json\/wp\/v2\/users\/1"}],"replies":[{"embeddable":true,"href":"https:\/\/www.davidinclan.com\/index.php\/wp-json\/wp\/v2\/comments?post=1511"}],"version-history":[{"count":37,"href":"https:\/\/www.davidinclan.com\/index.php\/wp-json\/wp\/v2\/pages\/1511\/revisions"}],"predecessor-version":[{"id":2184,"href":"https:\/\/www.davidinclan.com\/index.php\/wp-json\/wp\/v2\/pages\/1511\/revisions\/2184"}],"wp:attachment":[{"href":"https:\/\/www.davidinclan.com\/index.php\/wp-json\/wp\/v2\/media?parent=1511"}],"curies":[{"name":"wp","href":"https:\/\/api.w.org\/{rel}","templated":true}]}}