{"id":1624,"date":"2020-04-23T15:32:27","date_gmt":"2020-04-23T13:32:27","guid":{"rendered":"https:\/\/www.davidinclan.com\/?page_id=1624"},"modified":"2022-06-27T20:12:29","modified_gmt":"2022-06-27T18:12:29","slug":"sobre_paisaje-2020","status":"publish","type":"page","link":"https:\/\/www.davidinclan.com\/index.php\/sobre_paisaje-2020\/","title":{"rendered":"Sobre_Paisaje 2020-2021"},"content":{"rendered":"<p style=\"text-align: justify;\"><em data-rich-text-format-boundary=\"true\">Sobre<\/em> (prep.): acerca de, adem\u00e1s de.<\/p>\n<p style=\"text-align: justify;\"><em>Paisaje<\/em>: Parte de un territorio que puede ser observada desde un determinado lugar.<\/p>\n<p style=\"text-align: justify;\"><em>Sobre_Paisaje<\/em>: t\u00e9rmino ideado con el que referirme al paisaje como punto de partida para la reflexi\u00f3n en torno al mismo y a otros conceptos. La utilizaci\u00f3n del gui\u00f3n bajo (s\u00edmbolo empleado para nombrar archivos digitales) tiene por intenci\u00f3n la dataci\u00f3n de estos paisajes, cuya construcci\u00f3n se enmarca en el s.XXI.<\/p>\n<p style=\"text-align: justify;\">La noci\u00f3n de paisaje conlleva la cualidad de abarcable visualmente por lo que se puede decir que paisaje y medio visual est\u00e1n estrechamente relacionados. En su propia definici\u00f3n podemos apreciar ya, por tanto, c\u00f3mo paisaje y Fotograf\u00eda se sostienen sobre cimientos comunes.<\/p>\n<p style=\"text-align: justify;\">Por otra parte, el paisaje es algo construido, caracter\u00edstica que me resulta particularmente interesante por lo que permite en cuanto a ensayo e indagaci\u00f3n. As\u00ed, a diferencia del resto de mis trabajos donde el paisaje aparece en su vertiente emocional, en <em>Sobre_Paisaje<\/em> lo tomo como un espacio a modo de laboratorio donde observar y experimentar, no s\u00f3lo en cuanto al concepto de paisaje, sino tambi\u00e9n y, sobre todo, en relaci\u00f3n con las posibilidades tanto del lenguaje visual como del car\u00e1cter material de la fotograf\u00eda, aspecto este \u00faltimo fundamental en mi trabajo.<\/p>\n<p style=\"text-align: justify;\">\n","protected":false},"excerpt":{"rendered":"<p>Sobre (prep.): acerca de, adem\u00e1s de. Paisaje: Parte de un territorio que puede ser observada desde un determinado lugar. Sobre_Paisaje: t\u00e9rmino ideado con el que referirme al paisaje como punto de partida para la reflexi\u00f3n en torno al mismo y a otros conceptos. La utilizaci\u00f3n del gui\u00f3n bajo (s\u00edmbolo empleado para nombrar archivos digitales) tiene [&hellip;]<\/p>\n","protected":false},"author":1,"featured_media":0,"parent":0,"menu_order":0,"comment_status":"closed","ping_status":"closed","template":"","meta":{"footnotes":""},"class_list":["post-1624","page","type-page","status-publish","hentry"],"_links":{"self":[{"href":"https:\/\/www.davidinclan.com\/index.php\/wp-json\/wp\/v2\/pages\/1624","targetHints":{"allow":["GET"]}}],"collection":[{"href":"https:\/\/www.davidinclan.com\/index.php\/wp-json\/wp\/v2\/pages"}],"about":[{"href":"https:\/\/www.davidinclan.com\/index.php\/wp-json\/wp\/v2\/types\/page"}],"author":[{"embeddable":true,"href":"https:\/\/www.davidinclan.com\/index.php\/wp-json\/wp\/v2\/users\/1"}],"replies":[{"embeddable":true,"href":"https:\/\/www.davidinclan.com\/index.php\/wp-json\/wp\/v2\/comments?post=1624"}],"version-history":[{"count":66,"href":"https:\/\/www.davidinclan.com\/index.php\/wp-json\/wp\/v2\/pages\/1624\/revisions"}],"predecessor-version":[{"id":2089,"href":"https:\/\/www.davidinclan.com\/index.php\/wp-json\/wp\/v2\/pages\/1624\/revisions\/2089"}],"wp:attachment":[{"href":"https:\/\/www.davidinclan.com\/index.php\/wp-json\/wp\/v2\/media?parent=1624"}],"curies":[{"name":"wp","href":"https:\/\/api.w.org\/{rel}","templated":true}]}}