{"id":1961,"date":"2021-09-25T11:53:28","date_gmt":"2021-09-25T09:53:28","guid":{"rendered":"https:\/\/www.davidinclan.com\/?page_id=1961"},"modified":"2024-01-03T12:47:39","modified_gmt":"2024-01-03T11:47:39","slug":"denman-2021","status":"publish","type":"page","link":"https:\/\/www.davidinclan.com\/index.php\/denman-2021\/","title":{"rendered":"Denman 2021-2023"},"content":{"rendered":"<div class=\"t pg-1m0 pg-1x1 pg-1h2 pg-1y2 pg-1ff1 pg-1fs0 pg-1fc0 pg-1sc0 pg-1ls0 pg-1ws0\" style=\"text-align: justify;\">En el a\u00f1o 2019 glaci\u00f3logos de la Universidad de California encuentran el que, hasta la fecha, es el punto terrestre m\u00e1s profundo del planeta. Se trata de un ca\u00f1\u00f3n de 3,5 Km de profundidad lleno de hielo bajo el glaciar Denman, al este de la Ant\u00e1rtida.<\/div>\r\n<div class=\"t pg-1m0 pg-1x1 pg-1h2 pg-1y6 pg-1ff1 pg-1fs0 pg-1fc0 pg-1sc0 pg-1ls0 pg-1ws0\" style=\"text-align: justify;\">Este hallazgo inspira <em><span class=\"pg-1ff2\">Denman<\/span><\/em>, met\u00e1fora de c\u00f3mo la Fotograf\u00eda, al igual que el hielo del glaciar, tiene la capacidad de albergar distintas capas de significaci\u00f3n; un espacio latente, previo a la palabra, en el que todo se expresa a trav\u00e9s del silencio.<\/div>\r\n<p><\/p>\r\n\r\n<p>&nbsp;<\/p>\r\n","protected":false},"excerpt":{"rendered":"<p>En el a\u00f1o 2019 glaci\u00f3logos de la Universidad de California encuentran el que, hasta la fecha, es el punto terrestre m\u00e1s profundo del planeta. Se trata de un ca\u00f1\u00f3n de 3,5 Km de profundidad lleno de hielo bajo el glaciar Denman, al este de la Ant\u00e1rtida. Este hallazgo inspira Denman, met\u00e1fora de c\u00f3mo la Fotograf\u00eda, [&hellip;]<\/p>\n","protected":false},"author":1,"featured_media":0,"parent":0,"menu_order":0,"comment_status":"closed","ping_status":"closed","template":"","meta":{"footnotes":""},"class_list":["post-1961","page","type-page","status-publish","hentry"],"_links":{"self":[{"href":"https:\/\/www.davidinclan.com\/index.php\/wp-json\/wp\/v2\/pages\/1961","targetHints":{"allow":["GET"]}}],"collection":[{"href":"https:\/\/www.davidinclan.com\/index.php\/wp-json\/wp\/v2\/pages"}],"about":[{"href":"https:\/\/www.davidinclan.com\/index.php\/wp-json\/wp\/v2\/types\/page"}],"author":[{"embeddable":true,"href":"https:\/\/www.davidinclan.com\/index.php\/wp-json\/wp\/v2\/users\/1"}],"replies":[{"embeddable":true,"href":"https:\/\/www.davidinclan.com\/index.php\/wp-json\/wp\/v2\/comments?post=1961"}],"version-history":[{"count":30,"href":"https:\/\/www.davidinclan.com\/index.php\/wp-json\/wp\/v2\/pages\/1961\/revisions"}],"predecessor-version":[{"id":2273,"href":"https:\/\/www.davidinclan.com\/index.php\/wp-json\/wp\/v2\/pages\/1961\/revisions\/2273"}],"wp:attachment":[{"href":"https:\/\/www.davidinclan.com\/index.php\/wp-json\/wp\/v2\/media?parent=1961"}],"curies":[{"name":"wp","href":"https:\/\/api.w.org\/{rel}","templated":true}]}}