{"id":2039,"date":"2022-03-24T18:56:30","date_gmt":"2022-03-24T17:56:30","guid":{"rendered":"https:\/\/www.davidinclan.com\/?page_id=2039"},"modified":"2024-01-15T21:21:06","modified_gmt":"2024-01-15T20:21:06","slug":"de-la-cruz-y-lo-rojo-2022","status":"publish","type":"page","link":"https:\/\/www.davidinclan.com\/index.php\/de-la-cruz-y-lo-rojo-2022\/","title":{"rendered":"De la cruz y lo rojo 2022-2024"},"content":{"rendered":"\r\n<div class=\"wp-block-group is-layout-constrained wp-block-group-is-layout-constrained\">\r\n<div class=\"wp-block-group is-layout-constrained wp-block-group-is-layout-constrained\">\r\n<p style=\"text-align: justify;\">La cruz y el rojo son elementos que me atraen, no s\u00f3lo a nivel visual sino tambi\u00e9n conceptual, ya que albergan nociones antag\u00f3nicas entre s\u00ed, como son la vida y la muerte o el amor y la violencia.<\/p>\r\n\r\n\r\n\r\n<p style=\"text-align: justify;\">As\u00ed, la cruz nos puede remitir a la idea del martirio y muerte, pero desde la perspectiva cristiana, \u00e9sta es la prueba m\u00e1xima del amor de Dios por la Humanidad, representando la vida eterna y la promesa de salvaci\u00f3n.<\/p>\r\n\r\n\r\n\r\n<p style=\"text-align: justify;\">Del mismo modo, el rojo es el color de la sangre, sustancia necesaria para la vida, pero a la vez, rastro de muerte; representaci\u00f3n tanto de la pasi\u00f3n y el amor como de la violencia; color del poder terrenal, al igual que del fuego infernal y del diablo, de lo prohibido o peligroso.<\/p>\r\n\r\n\r\n\r\n<p style=\"text-align: justify;\">Utilizando este paralelismo simb\u00f3lico, en <em>De la cruz y lo rojo<\/em> hago coincidir ambos conceptos en un mismo escenario para crear una serie de im\u00e1genes que, trascendiendo estas lecturas culturalmente adoptadas, inviten a construir nuevas narraciones e interpretaciones.<\/p>\r\n<\/div>\r\n<\/div>\r\n\r\n<p><\/p>","protected":false},"excerpt":{"rendered":"<p>La cruz y el rojo son elementos que me atraen, no s\u00f3lo a nivel visual sino tambi\u00e9n conceptual, ya que albergan nociones antag\u00f3nicas entre s\u00ed, como son la vida y la muerte o el amor y la violencia. As\u00ed, la cruz nos puede remitir a la idea del martirio y muerte, pero desde la perspectiva [&hellip;]<\/p>\n","protected":false},"author":1,"featured_media":0,"parent":0,"menu_order":0,"comment_status":"closed","ping_status":"closed","template":"","meta":{"footnotes":""},"class_list":["post-2039","page","type-page","status-publish","hentry"],"_links":{"self":[{"href":"https:\/\/www.davidinclan.com\/index.php\/wp-json\/wp\/v2\/pages\/2039","targetHints":{"allow":["GET"]}}],"collection":[{"href":"https:\/\/www.davidinclan.com\/index.php\/wp-json\/wp\/v2\/pages"}],"about":[{"href":"https:\/\/www.davidinclan.com\/index.php\/wp-json\/wp\/v2\/types\/page"}],"author":[{"embeddable":true,"href":"https:\/\/www.davidinclan.com\/index.php\/wp-json\/wp\/v2\/users\/1"}],"replies":[{"embeddable":true,"href":"https:\/\/www.davidinclan.com\/index.php\/wp-json\/wp\/v2\/comments?post=2039"}],"version-history":[{"count":47,"href":"https:\/\/www.davidinclan.com\/index.php\/wp-json\/wp\/v2\/pages\/2039\/revisions"}],"predecessor-version":[{"id":2277,"href":"https:\/\/www.davidinclan.com\/index.php\/wp-json\/wp\/v2\/pages\/2039\/revisions\/2277"}],"wp:attachment":[{"href":"https:\/\/www.davidinclan.com\/index.php\/wp-json\/wp\/v2\/media?parent=2039"}],"curies":[{"name":"wp","href":"https:\/\/api.w.org\/{rel}","templated":true}]}}