{"id":827,"date":"2016-11-14T17:07:16","date_gmt":"2016-11-14T16:07:16","guid":{"rendered":"http:\/\/www.davidinclan.com\/?page_id=827"},"modified":"2022-06-27T20:28:27","modified_gmt":"2022-06-27T18:28:27","slug":"syrma-2016","status":"publish","type":"page","link":"https:\/\/www.davidinclan.com\/index.php\/syrma-2016\/","title":{"rendered":"Syrma 2016-2018"},"content":{"rendered":"<p style=\"text-align: justify; padding-left: 40px;\">Siempre me ha cautivado la idea de que, al mirar el firmamento, la luz que vemos de las estrellas es aqu\u00e9lla que emitieron hace millones de a\u00f1os; se podr\u00eda decir que somos testigos del pasado desde el presente, una suerte de m\u00e1quina del tiempo. Una relaci\u00f3n espacio-tiempo que a mi mente se le antoja casi m\u00e1gica.<\/p>\n<p style=\"text-align: justify; padding-left: 40px;\">Syrma, t\u00edtulo que da nombre al proyecto, es una estrella de la constelaci\u00f3n de Virgo a 69,8 a\u00f1os luz de distancia respecto del Sistema Solar.<\/p>\n<p style=\"text-align: justify; padding-left: 40px;\">Esta distancia que nos separa de ella me llev\u00f3 al concepto de viaje (tanto f\u00edsico como introspectivo). A partir de esta idea se va desarrollando un trabajo impregnado de una atm\u00f3sfera on\u00edrica, psicol\u00f3gica como tel\u00f3n de fondo para seguir pregunt\u00e1ndome por las cuestiones universales que gu\u00edan mis distintos proyectos.<\/p>\n","protected":false},"excerpt":{"rendered":"<p>Siempre me ha cautivado la idea de que, al mirar el firmamento, la luz que vemos de las estrellas es aqu\u00e9lla que emitieron hace millones de a\u00f1os; se podr\u00eda decir que somos testigos del pasado desde el presente, una suerte de m\u00e1quina del tiempo. Una relaci\u00f3n espacio-tiempo que a mi mente se le antoja casi [&hellip;]<\/p>\n","protected":false},"author":1,"featured_media":0,"parent":0,"menu_order":0,"comment_status":"closed","ping_status":"closed","template":"","meta":{"footnotes":""},"class_list":["post-827","page","type-page","status-publish","hentry"],"_links":{"self":[{"href":"https:\/\/www.davidinclan.com\/index.php\/wp-json\/wp\/v2\/pages\/827","targetHints":{"allow":["GET"]}}],"collection":[{"href":"https:\/\/www.davidinclan.com\/index.php\/wp-json\/wp\/v2\/pages"}],"about":[{"href":"https:\/\/www.davidinclan.com\/index.php\/wp-json\/wp\/v2\/types\/page"}],"author":[{"embeddable":true,"href":"https:\/\/www.davidinclan.com\/index.php\/wp-json\/wp\/v2\/users\/1"}],"replies":[{"embeddable":true,"href":"https:\/\/www.davidinclan.com\/index.php\/wp-json\/wp\/v2\/comments?post=827"}],"version-history":[{"count":53,"href":"https:\/\/www.davidinclan.com\/index.php\/wp-json\/wp\/v2\/pages\/827\/revisions"}],"predecessor-version":[{"id":2090,"href":"https:\/\/www.davidinclan.com\/index.php\/wp-json\/wp\/v2\/pages\/827\/revisions\/2090"}],"wp:attachment":[{"href":"https:\/\/www.davidinclan.com\/index.php\/wp-json\/wp\/v2\/media?parent=827"}],"curies":[{"name":"wp","href":"https:\/\/api.w.org\/{rel}","templated":true}]}}