{"id":979,"date":"2017-05-31T20:29:24","date_gmt":"2017-05-31T18:29:24","guid":{"rendered":"https:\/\/www.davidinclan.com\/?page_id=979"},"modified":"2022-06-21T16:40:34","modified_gmt":"2022-06-21T14:40:34","slug":"infinitum-2017","status":"publish","type":"page","link":"https:\/\/www.davidinclan.com\/index.php\/infinitum-2017\/","title":{"rendered":"Infinitum 2017-2019"},"content":{"rendered":"<p><\/p>\n<p style=\"text-align: justify; padding-left: 40px;\"><em>Infinito<\/em>:<\/p>\n<ol>\n<li style=\"list-style-type: none;\">\n<ol>\n<li style=\"list-style-type: none;\">\n<ol>\n<li>&nbsp;Que no tiene ni puede tener fin ni t\u00e9rmino.<\/li>\n<li style=\"text-align: justify;\">&nbsp;Muy numeroso o enorme.<\/li>\n<li style=\"text-align: justify;\">&nbsp;Infinita o excesivamente.<\/li>\n<\/ol>\n<\/li>\n<\/ol>\n<\/li>\n<\/ol>\n<p style=\"text-align: justify; padding-left: 40px;\">Uno de los aspectos que me atrae del concepto de infinito es que me suscita cierta inquietud. \u00bfC\u00f3mo intentar comprender algo que de por s\u00ed es inabarcable? Y es que su naturaleza est\u00e1 en las ant\u00edpodas de la limitaci\u00f3n intr\u00ednseca al ser humano.<\/p>\n<p style=\"text-align: justify; padding-left: 40px;\">Por otro lado, esta noci\u00f3n puede relacionarse con otras por las que me intereso a lo largo de mis trabajos: tiempo, espacio, vac\u00edo, \u2026<\/p>\n<p style=\"text-align: justify; padding-left: 40px;\">Es por ello que parto de esta idea para ir desarrollando un proyecto con im\u00e1genes que me sugieran una determinada carga de tensi\u00f3n, record\u00e1ndome una sensaci\u00f3n similar a la que me provoca dicho concepto.<\/p>\n<p><\/p>\n<p><\/p>\n\n\n<p><\/p>\n","protected":false},"excerpt":{"rendered":"<p>Infinito: &nbsp;Que no tiene ni puede tener fin ni t\u00e9rmino. &nbsp;Muy numeroso o enorme. &nbsp;Infinita o excesivamente. Uno de los aspectos que me atrae del concepto de infinito es que me suscita cierta inquietud. \u00bfC\u00f3mo intentar comprender algo que de por s\u00ed es inabarcable? Y es que su naturaleza est\u00e1 en las ant\u00edpodas de la [&hellip;]<\/p>\n","protected":false},"author":1,"featured_media":0,"parent":0,"menu_order":0,"comment_status":"closed","ping_status":"closed","template":"","meta":{"footnotes":""},"class_list":["post-979","page","type-page","status-publish","hentry"],"_links":{"self":[{"href":"https:\/\/www.davidinclan.com\/index.php\/wp-json\/wp\/v2\/pages\/979","targetHints":{"allow":["GET"]}}],"collection":[{"href":"https:\/\/www.davidinclan.com\/index.php\/wp-json\/wp\/v2\/pages"}],"about":[{"href":"https:\/\/www.davidinclan.com\/index.php\/wp-json\/wp\/v2\/types\/page"}],"author":[{"embeddable":true,"href":"https:\/\/www.davidinclan.com\/index.php\/wp-json\/wp\/v2\/users\/1"}],"replies":[{"embeddable":true,"href":"https:\/\/www.davidinclan.com\/index.php\/wp-json\/wp\/v2\/comments?post=979"}],"version-history":[{"count":49,"href":"https:\/\/www.davidinclan.com\/index.php\/wp-json\/wp\/v2\/pages\/979\/revisions"}],"predecessor-version":[{"id":2073,"href":"https:\/\/www.davidinclan.com\/index.php\/wp-json\/wp\/v2\/pages\/979\/revisions\/2073"}],"wp:attachment":[{"href":"https:\/\/www.davidinclan.com\/index.php\/wp-json\/wp\/v2\/media?parent=979"}],"curies":[{"name":"wp","href":"https:\/\/api.w.org\/{rel}","templated":true}]}}